{"id":141,"date":"2023-01-11T13:52:32","date_gmt":"2023-01-11T13:52:32","guid":{"rendered":"http:\/\/goldencare.co.ao\/?page_id=141"},"modified":"2024-06-08T14:31:30","modified_gmt":"2024-06-08T14:31:30","slug":"quem-somos","status":"publish","type":"page","link":"https:\/\/goldencare.co.ao\/?page_id=141","title":{"rendered":"QUEM SOMOS"},"content":{"rendered":"\t\t<div data-elementor-type=\"wp-page\" data-elementor-id=\"141\" class=\"elementor elementor-141\">\n\t\t\t\t\t\t<header class=\"elementor-section elementor-top-section elementor-element elementor-element-168bd74 elementor-section-boxed elementor-section-height-default elementor-section-height-default\" data-id=\"168bd74\" data-element_type=\"section\" data-e-type=\"section\" data-settings=\"{&quot;background_background&quot;:&quot;classic&quot;}\">\n\t\t\t\t\t\t<div class=\"elementor-container elementor-column-gap-default\">\n\t\t\t\t\t<div class=\"elementor-column elementor-col-100 elementor-top-column elementor-element elementor-element-13e72a6\" data-id=\"13e72a6\" data-element_type=\"column\" data-e-type=\"column\">\n\t\t\t<div class=\"elementor-widget-wrap elementor-element-populated\">\n\t\t\t\t\t\t<div class=\"elementor-element elementor-element-8161b9f elementor-widget elementor-widget-html\" data-id=\"8161b9f\" data-element_type=\"widget\" data-e-type=\"widget\" data-widget_type=\"html.default\">\n\t\t\t\t<div class=\"elementor-widget-container\">\n\t\t\t\t\t <header>\n        <div class=\"logo\">\n            <a href=\"#home\"><img decoding=\"async\" src=\"http:\/\/goldencare.co.ao\/wp-content\/uploads\/2023\/01\/logo-01.png\" alt=\"Logo\"><\/a>\n        <\/div>\n        <div class=\"menu-toggle\" id=\"menu-toggle\">\n            <span><\/span>\n            <span><\/span>\n            <span><\/span>\n        <\/div>\n        <nav class=\"navbar\" id=\"navbar\">\n            <ul>\n                <li><a href=\"http:\/\/goldencare.co.ao\/?page_id=141\">QUEM SOMOS<\/a><\/li>\n                <li><a href=\"http:\/\/goldencare.co.ao\/?page_id=372\">EXAMES<\/a><\/li>\n                <li><a href=\"http:\/\/goldencare.co.ao\/?page_id=544\">ESPECIALIDADES<\/a><\/li>\n                <li><a href=\"http:\/\/goldencare.co.ao\/?page_id=804\">CONV\u00c9NIOS<\/a><\/li>\n                <li><a href=\"http:\/\/goldencare.co.ao\/?page_id=202\">SERVI\u00c7OS<\/a><\/li>\n                <li><a href=\"http:\/\/goldencare.co.ao\/?page_id=1046\">PARCEIROS<\/a><\/li>\n                <li><a href=\"http:\/\/goldencare.co.ao\/?page_id=614\">CONTACTOS<\/a><\/li>\n            <\/ul>\n        <\/nav>\n        \n        <script>\n            document.addEventListener('DOMContentLoaded', function() {\n    const menuToggle = document.getElementById('menu-toggle');\n    const navbar = document.getElementById('navbar');\n\n    menuToggle.addEventListener('click', function() {\n        navbar.classList.toggle('active');\n    });\n});\n            \n        <\/script>\n    <\/header>\t\t\t\t<\/div>\n\t\t\t\t<\/div>\n\t\t\t\t\t<\/div>\n\t\t<\/div>\n\t\t\t\t\t<\/div>\n\t\t<\/header>\n\t\t\t\t<section class=\"elementor-section elementor-top-section elementor-element elementor-element-b3b23ba elementor-section-height-min-height elementor-section-boxed elementor-section-height-default elementor-section-items-middle\" data-id=\"b3b23ba\" data-element_type=\"section\" data-e-type=\"section\" data-settings=\"{&quot;background_background&quot;:&quot;classic&quot;}\">\n\t\t\t\t\t\t<div class=\"elementor-container elementor-column-gap-default\">\n\t\t\t\t\t<div class=\"elementor-column elementor-col-100 elementor-top-column elementor-element elementor-element-447fe32\" data-id=\"447fe32\" data-element_type=\"column\" data-e-type=\"column\">\n\t\t\t<div class=\"elementor-widget-wrap\">\n\t\t\t\t\t\t\t<\/div>\n\t\t<\/div>\n\t\t\t\t\t<\/div>\n\t\t<\/section>\n\t\t\t\t<section class=\"elementor-section elementor-top-section elementor-element elementor-element-41eeeb1 elementor-section-boxed elementor-section-height-default elementor-section-height-default\" data-id=\"41eeeb1\" data-element_type=\"section\" data-e-type=\"section\">\n\t\t\t\t\t\t<div class=\"elementor-container elementor-column-gap-default\">\n\t\t\t\t\t<div class=\"elementor-column elementor-col-100 elementor-top-column elementor-element elementor-element-1ba91db\" data-id=\"1ba91db\" data-element_type=\"column\" data-e-type=\"column\">\n\t\t\t<div class=\"elementor-widget-wrap elementor-element-populated\">\n\t\t\t\t\t\t<div class=\"elementor-element elementor-element-4ec8d5a elementor-widget elementor-widget-text-editor\" data-id=\"4ec8d5a\" data-element_type=\"widget\" data-e-type=\"widget\" data-widget_type=\"text-editor.default\">\n\t\t\t\t<div class=\"elementor-widget-container\">\n\t\t\t\t\t\t\t\t\t<p>QUEM SOMOS<\/p>\t\t\t\t\t\t\t\t<\/div>\n\t\t\t\t<\/div>\n\t\t\t\t<div class=\"elementor-element elementor-element-8e76659 elementor-widget elementor-widget-text-editor\" data-id=\"8e76659\" data-element_type=\"widget\" data-e-type=\"widget\" data-widget_type=\"text-editor.default\">\n\t\t\t\t<div class=\"elementor-widget-container\">\n\t\t\t\t\t\t\t\t\t<p>Unidade de Sa\u00fade a fim de prestar servi\u00e7os preventivos e curativos na \u00e1rea da sa\u00fade.<br \/><b>Miss\u00e3o:<\/b><\/p><p>\u2022 Prestar atendimento prim\u00e1rio na \u00e1rea da sa\u00fade.<span class=\"Apple-converted-space\">\u00a0<\/span><\/p><p>\u2022 Visando a preven\u00e7\u00e3o e recupera\u00e7\u00e3o dos seus utentes.<span class=\"Apple-converted-space\">\u00a0<\/span><\/p><p>\u2022 Acompanhamento cont\u00ednuo dos utentes com aten\u00e7\u00e3o aos surtos epidemiol\u00f3gicos e constante actualiza\u00e7\u00e3o e forma\u00e7\u00e3o dos seus profissionais.<\/p><p><b>Vis\u00e3o:<\/b><\/p><p>* Ser um Centro de refer\u00eancia na \u00e1rea da sa\u00fade com qualidade no atendimento Prim\u00e1rio Ambulatorial<span class=\"Apple-converted-space\">\u00a0<\/span><\/p><p><b>Valores :<\/b><\/p><p>\u2022 Excel\u00eancia e Humaniza\u00e7\u00e3o nos atendimentos aos utentes.<span class=\"Apple-converted-space\">\u00a0<\/span><\/p><p>\u2022 Valoriza\u00e7\u00e3o e Reconhecimento ao desempenho dos colaboradores<\/p><p><span class=\"Apple-converted-space\">\u00a0<\/span>\u2022 Clima organizacional harmonioso, participativo e cooperativo<span class=\"Apple-converted-space\">\u00a0<\/span><\/p><p>\u2022 Transpar\u00eancia, crit\u00e9rio, \u00e9tica e efic\u00e1cia na gest\u00e3o<span class=\"Apple-converted-space\">\u00a0<\/span><\/p><p>\u2022 Comunica\u00e7\u00e3o clara objectiva e oportuna e fi\u00e1vel<span class=\"Apple-converted-space\">\u00a0<\/span><\/p><p>\u2022 Responsabiliza\u00e7\u00e3o<\/p>\t\t\t\t\t\t\t\t<\/div>\n\t\t\t\t<\/div>\n\t\t\t\t\t<\/div>\n\t\t<\/div>\n\t\t\t\t\t<\/div>\n\t\t<\/section>\n\t\t\t\t<section class=\"elementor-section elementor-top-section elementor-element elementor-element-206e0d2 elementor-section-height-min-height elementor-hidden-mobile elementor-section-boxed elementor-section-height-default elementor-section-items-middle\" data-id=\"206e0d2\" data-element_type=\"section\" data-e-type=\"section\" data-settings=\"{&quot;background_background&quot;:&quot;classic&quot;}\">\n\t\t\t\t\t\t<div class=\"elementor-container elementor-column-gap-default\">\n\t\t\t\t\t<div class=\"elementor-column elementor-col-50 elementor-top-column elementor-element elementor-element-419480c\" data-id=\"419480c\" data-element_type=\"column\" data-e-type=\"column\">\n\t\t\t<div class=\"elementor-widget-wrap elementor-element-populated\">\n\t\t\t\t\t\t<div class=\"elementor-element elementor-element-8dc2134 elementor-shape-circle e-grid-align-left e-grid-align-mobile-center elementor-grid-0 elementor-widget elementor-widget-social-icons\" data-id=\"8dc2134\" data-element_type=\"widget\" data-e-type=\"widget\" data-widget_type=\"social-icons.default\">\n\t\t\t\t<div class=\"elementor-widget-container\">\n\t\t\t\t\t\t\t<div class=\"elementor-social-icons-wrapper elementor-grid\" role=\"list\">\n\t\t\t\t\t\t\t<span class=\"elementor-grid-item\" role=\"listitem\">\n\t\t\t\t\t<a class=\"elementor-icon elementor-social-icon elementor-social-icon-facebook elementor-repeater-item-e625b0e\" href=\"https:\/\/www.facebook.com\/goldencaretalatona\" target=\"_blank\">\n\t\t\t\t\t\t<span class=\"elementor-screen-only\">Facebook<\/span>\n\t\t\t\t\t\t<i aria-hidden=\"true\" class=\"fab fa-facebook\"><\/i>\t\t\t\t\t<\/a>\n\t\t\t\t<\/span>\n\t\t\t\t\t\t\t<span class=\"elementor-grid-item\" role=\"listitem\">\n\t\t\t\t\t<a class=\"elementor-icon elementor-social-icon elementor-social-icon-instagram elementor-repeater-item-1bb77cd\" href=\"https:\/\/www.instagram.com\/goldencaretalatona\/\" target=\"_blank\">\n\t\t\t\t\t\t<span class=\"elementor-screen-only\">Instagram<\/span>\n\t\t\t\t\t\t<i aria-hidden=\"true\" class=\"fab fa-instagram\"><\/i>\t\t\t\t\t<\/a>\n\t\t\t\t<\/span>\n\t\t\t\t\t<\/div>\n\t\t\t\t\t\t<\/div>\n\t\t\t\t<\/div>\n\t\t\t\t\t<\/div>\n\t\t<\/div>\n\t\t\t\t<div class=\"elementor-column elementor-col-50 elementor-top-column elementor-element elementor-element-c16b95a\" data-id=\"c16b95a\" data-element_type=\"column\" data-e-type=\"column\">\n\t\t\t<div class=\"elementor-widget-wrap elementor-element-populated\">\n\t\t\t\t\t\t<div class=\"elementor-element elementor-element-f74e491 elementor-icon-list--layout-inline elementor-align-end elementor-list-item-link-full_width elementor-widget elementor-widget-icon-list\" data-id=\"f74e491\" data-element_type=\"widget\" data-e-type=\"widget\" data-widget_type=\"icon-list.default\">\n\t\t\t\t<div class=\"elementor-widget-container\">\n\t\t\t\t\t\t\t<ul class=\"elementor-icon-list-items elementor-inline-items\">\n\t\t\t\t\t\t\t<li class=\"elementor-icon-list-item elementor-inline-item\">\n\t\t\t\t\t\t\t\t\t\t\t<span class=\"elementor-icon-list-icon\">\n\t\t\t\t\t\t\t<i aria-hidden=\"true\" class=\"fas fa-phone-alt\"><\/i>\t\t\t\t\t\t<\/span>\n\t\t\t\t\t\t\t\t\t\t<span class=\"elementor-icon-list-text\">(+244) 942 444 466<\/span>\n\t\t\t\t\t\t\t\t\t<\/li>\n\t\t\t\t\t\t\t\t<li class=\"elementor-icon-list-item elementor-inline-item\">\n\t\t\t\t\t\t\t\t\t\t\t<span class=\"elementor-icon-list-icon\">\n\t\t\t\t\t\t\t<i aria-hidden=\"true\" class=\"fas fa-phone-alt\"><\/i>\t\t\t\t\t\t<\/span>\n\t\t\t\t\t\t\t\t\t\t<span class=\"elementor-icon-list-text\">(+244) 990 444 466<\/span>\n\t\t\t\t\t\t\t\t\t<\/li>\n\t\t\t\t\t\t\t\t<li class=\"elementor-icon-list-item elementor-inline-item\">\n\t\t\t\t\t\t\t\t\t\t\t<span class=\"elementor-icon-list-icon\">\n\t\t\t\t\t\t\t<i aria-hidden=\"true\" class=\"fas fa-map-marker-alt\"><\/i>\t\t\t\t\t\t<\/span>\n\t\t\t\t\t\t\t\t\t\t<span class=\"elementor-icon-list-text\">Talatona, no Condom\u00ednio Dolce Vita, C 9.<\/span>\n\t\t\t\t\t\t\t\t\t<\/li>\n\t\t\t\t\t\t<\/ul>\n\t\t\t\t\t\t<\/div>\n\t\t\t\t<\/div>\n\t\t\t\t\t<\/div>\n\t\t<\/div>\n\t\t\t\t\t<\/div>\n\t\t<\/section>\n\t\t\t\t<section class=\"elementor-section elementor-top-section elementor-element elementor-element-3096696 elementor-section-content-middle elementor-section-boxed elementor-section-height-default elementor-section-height-default\" data-id=\"3096696\" data-element_type=\"section\" data-e-type=\"section\" data-settings=\"{&quot;background_background&quot;:&quot;classic&quot;}\">\n\t\t\t\t\t\t<div class=\"elementor-container elementor-column-gap-default\">\n\t\t\t\t\t<div class=\"elementor-column elementor-col-100 elementor-top-column elementor-element elementor-element-5a4454f\" data-id=\"5a4454f\" data-element_type=\"column\" data-e-type=\"column\">\n\t\t\t<div class=\"elementor-widget-wrap elementor-element-populated\">\n\t\t\t\t\t\t<div class=\"elementor-element elementor-element-6dc0003 elementor-widget elementor-widget-text-editor\" data-id=\"6dc0003\" data-element_type=\"widget\" data-e-type=\"widget\" data-widget_type=\"text-editor.default\">\n\t\t\t\t<div class=\"elementor-widget-container\">\n\t\t\t\t\t\t\t\t\t<p>Direitos reservados a Golden Care 2023 \u00a9<\/p>\t\t\t\t\t\t\t\t<\/div>\n\t\t\t\t<\/div>\n\t\t\t\t\t<\/div>\n\t\t<\/div>\n\t\t\t\t\t<\/div>\n\t\t<\/section>\n\t\t\t\t<\/div>\n\t\t","protected":false},"excerpt":{"rendered":"<p>QUEM SOMOS EXAMES ESPECIALIDADES CONV\u00c9NIOS SERVI\u00c7OS PARCEIROS CONTACTOS QUEM SOMOS Unidade de Sa\u00fade a fim de prestar servi\u00e7os preventivos e curativos na \u00e1rea da sa\u00fade.Miss\u00e3o: \u2022 Prestar atendimento prim\u00e1rio na \u00e1rea da sa\u00fade.\u00a0 \u2022 Visando a preven\u00e7\u00e3o e recupera\u00e7\u00e3o dos seus utentes.\u00a0 \u2022 Acompanhamento cont\u00ednuo dos utentes com aten\u00e7\u00e3o aos surtos epidemiol\u00f3gicos e constante actualiza\u00e7\u00e3o [&hellip;]<\/p>\n","protected":false},"author":1,"featured_media":0,"parent":0,"menu_order":0,"comment_status":"closed","ping_status":"closed","template":"elementor_canvas","meta":{"footnotes":""},"class_list":["post-141","page","type-page","status-publish","hentry"],"_links":{"self":[{"href":"https:\/\/goldencare.co.ao\/index.php?rest_route=\/wp\/v2\/pages\/141","targetHints":{"allow":["GET"]}}],"collection":[{"href":"https:\/\/goldencare.co.ao\/index.php?rest_route=\/wp\/v2\/pages"}],"about":[{"href":"https:\/\/goldencare.co.ao\/index.php?rest_route=\/wp\/v2\/types\/page"}],"author":[{"embeddable":true,"href":"https:\/\/goldencare.co.ao\/index.php?rest_route=\/wp\/v2\/users\/1"}],"replies":[{"embeddable":true,"href":"https:\/\/goldencare.co.ao\/index.php?rest_route=%2Fwp%2Fv2%2Fcomments&post=141"}],"version-history":[{"count":42,"href":"https:\/\/goldencare.co.ao\/index.php?rest_route=\/wp\/v2\/pages\/141\/revisions"}],"predecessor-version":[{"id":1938,"href":"https:\/\/goldencare.co.ao\/index.php?rest_route=\/wp\/v2\/pages\/141\/revisions\/1938"}],"wp:attachment":[{"href":"https:\/\/goldencare.co.ao\/index.php?rest_route=%2Fwp%2Fv2%2Fmedia&parent=141"}],"curies":[{"name":"wp","href":"https:\/\/api.w.org\/{rel}","templated":true}]}}